{"id":724,"date":"2025-07-10T14:18:42","date_gmt":"2025-07-10T19:18:42","guid":{"rendered":"https:\/\/etrai.com\/pe\/?post_type=product&#038;p=724"},"modified":"2026-04-12T00:52:04","modified_gmt":"2026-04-12T05:52:04","slug":"llave-circular-para-portafiltro-de-45-pulgadas-de-diametro","status":"publish","type":"product","link":"https:\/\/etrai.com\/pe\/producto\/llave-circular-para-portafiltro-de-45-pulgadas-de-diametro\/","title":{"rendered":"LLAVE TIPO CIRCULO PARA PORTAFILTRO DE 20X4,5 PULG"},"content":{"rendered":"","protected":false},"excerpt":{"rendered":"<ul>\n<li>Llave circular<\/li>\n<li>Para portafiltro de diametro de 4,5 pulgadas<\/li>\n<\/ul>\n<p>La llave circular est\u00e1 dise\u00f1ada espec\u00edficamente para facilitar el ajuste y desmontaje de portafiltros con di\u00e1metro de 2,5 pulgadas. Su uso permite abrir y cerrar el portafiltro de manera segura, evitando da\u00f1os en la carcasa y asegurando un sellado adecuado al reinstalar el filtro.<\/p>\n","protected":false},"featured_media":725,"comment_status":"open","ping_status":"closed","template":"","meta":{"_acf_changed":false,"_joinchat":[]},"product_brand":[],"product_cat":[92],"product_tag":[],"class_list":{"0":"post-724","1":"product","2":"type-product","3":"status-publish","4":"has-post-thumbnail","6":"product_cat-accesorios-portafiltros","8":"first","9":"instock","10":"shipping-taxable","11":"purchasable","12":"product-type-simple"},"acf":[],"_links":{"self":[{"href":"https:\/\/etrai.com\/pe\/wp-json\/wp\/v2\/product\/724","targetHints":{"allow":["GET"]}}],"collection":[{"href":"https:\/\/etrai.com\/pe\/wp-json\/wp\/v2\/product"}],"about":[{"href":"https:\/\/etrai.com\/pe\/wp-json\/wp\/v2\/types\/product"}],"replies":[{"embeddable":true,"href":"https:\/\/etrai.com\/pe\/wp-json\/wp\/v2\/comments?post=724"}],"wp:featuredmedia":[{"embeddable":true,"href":"https:\/\/etrai.com\/pe\/wp-json\/wp\/v2\/media\/725"}],"wp:attachment":[{"href":"https:\/\/etrai.com\/pe\/wp-json\/wp\/v2\/media?parent=724"}],"wp:term":[{"taxonomy":"product_brand","embeddable":true,"href":"https:\/\/etrai.com\/pe\/wp-json\/wp\/v2\/product_brand?post=724"},{"taxonomy":"product_cat","embeddable":true,"href":"https:\/\/etrai.com\/pe\/wp-json\/wp\/v2\/product_cat?post=724"},{"taxonomy":"product_tag","embeddable":true,"href":"https:\/\/etrai.com\/pe\/wp-json\/wp\/v2\/product_tag?post=724"}],"curies":[{"name":"wp","href":"https:\/\/api.w.org\/{rel}","templated":true}]}}