{"id":811,"date":"2025-12-29T14:35:47","date_gmt":"2025-12-29T19:35:47","guid":{"rendered":"https:\/\/etrai.com\/pe\/?post_type=product&#038;p=811"},"modified":"2026-04-10T13:17:40","modified_gmt":"2026-04-10T18:17:40","slug":"cartucho-recargable-cuerpo-transparente-tamano-10x2-5-pulg","status":"publish","type":"product","link":"https:\/\/etrai.com\/pe\/producto\/cartucho-recargable-cuerpo-transparente-tamano-10x2-5-pulg\/","title":{"rendered":"CARTUCHO RECARGABLE \/ CUERPO TRANSPARENTE \/ TAMA\u00d1O 10X2.5 PULG"},"content":{"rendered":"","protected":false},"excerpt":{"rendered":"<ul data-start=\"196\" data-end=\"451\">\n<li data-start=\"196\" data-end=\"249\">\n<p data-start=\"198\" data-end=\"249\">Permite recargar distintos medios filtrantes.<\/p>\n<\/li>\n<li data-start=\"250\" data-end=\"314\">\n<p data-start=\"252\" data-end=\"314\">Cuerpo transparente para inspecci\u00f3n visual del material.<\/p>\n<\/li>\n<li data-start=\"315\" data-end=\"364\">\n<p data-start=\"317\" data-end=\"364\">Compatible con portafiltros est\u00e1ndar 10\u201d.<\/p>\n<\/li>\n<li data-start=\"365\" data-end=\"404\">\n<p data-start=\"367\" data-end=\"404\">Material resistente y duradero.<\/p>\n<\/li>\n<li data-start=\"405\" data-end=\"451\">\n<p data-start=\"407\" data-end=\"451\">Reduce costos al reutilizar el cartucho.<\/p>\n<\/li>\n<\/ul>\n<p data-start=\"474\" data-end=\"825\">El cartucho recargable de cuerpo transparente est\u00e1 dise\u00f1ado para alojar diferentes medios filtrantes como carb\u00f3n activado, resinas o arena fina. Su dise\u00f1o permite una f\u00e1cil inspecci\u00f3n del contenido y una r\u00e1pida recarga, siendo ideal para sistemas de filtraci\u00f3n residencial, comercial e industrial que utilizan portafiltros est\u00e1ndar de 10 pulgadas.<\/p>\n","protected":false},"featured_media":810,"comment_status":"open","ping_status":"closed","template":"","meta":{"_acf_changed":false,"_joinchat":[]},"product_brand":[],"product_cat":[18],"product_tag":[],"class_list":{"0":"post-811","1":"product","2":"type-product","3":"status-publish","4":"has-post-thumbnail","6":"product_cat-filtros-para-tratamiento-de-agua","8":"first","9":"instock","10":"shipping-taxable","11":"purchasable","12":"product-type-simple"},"acf":[],"_links":{"self":[{"href":"https:\/\/etrai.com\/pe\/wp-json\/wp\/v2\/product\/811","targetHints":{"allow":["GET"]}}],"collection":[{"href":"https:\/\/etrai.com\/pe\/wp-json\/wp\/v2\/product"}],"about":[{"href":"https:\/\/etrai.com\/pe\/wp-json\/wp\/v2\/types\/product"}],"replies":[{"embeddable":true,"href":"https:\/\/etrai.com\/pe\/wp-json\/wp\/v2\/comments?post=811"}],"wp:featuredmedia":[{"embeddable":true,"href":"https:\/\/etrai.com\/pe\/wp-json\/wp\/v2\/media\/810"}],"wp:attachment":[{"href":"https:\/\/etrai.com\/pe\/wp-json\/wp\/v2\/media?parent=811"}],"wp:term":[{"taxonomy":"product_brand","embeddable":true,"href":"https:\/\/etrai.com\/pe\/wp-json\/wp\/v2\/product_brand?post=811"},{"taxonomy":"product_cat","embeddable":true,"href":"https:\/\/etrai.com\/pe\/wp-json\/wp\/v2\/product_cat?post=811"},{"taxonomy":"product_tag","embeddable":true,"href":"https:\/\/etrai.com\/pe\/wp-json\/wp\/v2\/product_tag?post=811"}],"curies":[{"name":"wp","href":"https:\/\/api.w.org\/{rel}","templated":true}]}}