{"id":822,"date":"2025-12-29T15:15:26","date_gmt":"2025-12-29T20:15:26","guid":{"rendered":"https:\/\/etrai.com\/pe\/?post_type=product&#038;p=822"},"modified":"2026-04-13T08:50:54","modified_gmt":"2026-04-13T13:50:54","slug":"membrana-de-osmosis-inversa-marca-pure-modelo-ulp-3013-400-gpd","status":"publish","type":"product","link":"https:\/\/etrai.com\/pe\/producto\/membrana-de-osmosis-inversa-marca-pure-modelo-ulp-3013-400-gpd\/","title":{"rendered":"Membrana de \u00f3smosis inversa \/ Marca: PURE \/ Modelo: ULP 3013 \/ 400 GPD"},"content":{"rendered":"","protected":false},"excerpt":{"rendered":"<ul>\n<li>Membrana de \u00f3smosis inversa<\/li>\n<li>Tipo: Residencial<\/li>\n<li>Marca: PURE<\/li>\n<li>Modelo: ULP 3013<\/li>\n<li>Capacidad: 400 GPD<\/li>\n<\/ul>\n<p>La membrana de \u00f3smosis inversa est\u00e1 dise\u00f1ada para la purificaci\u00f3n de agua mediante tecnolog\u00eda de ultra baja presi\u00f3n, logrando una eficiente remoci\u00f3n de sales, metales pesados, s\u00f3lidos disueltos y contaminantes. Es ideal para sistemas de \u00f3smosis inversa residenciales y comerciales, garantizando agua segura y de alta calidad.<\/p>\n","protected":false},"featured_media":821,"comment_status":"open","ping_status":"closed","template":"","meta":{"_acf_changed":false,"_joinchat":[]},"product_brand":[],"product_cat":[88],"product_tag":[],"class_list":{"0":"post-822","1":"product","2":"type-product","3":"status-publish","4":"has-post-thumbnail","6":"product_cat-repuestos-y-accesorios-ro-domiciliarios","8":"first","9":"instock","10":"shipping-taxable","11":"purchasable","12":"product-type-simple"},"acf":[],"_links":{"self":[{"href":"https:\/\/etrai.com\/pe\/wp-json\/wp\/v2\/product\/822","targetHints":{"allow":["GET"]}}],"collection":[{"href":"https:\/\/etrai.com\/pe\/wp-json\/wp\/v2\/product"}],"about":[{"href":"https:\/\/etrai.com\/pe\/wp-json\/wp\/v2\/types\/product"}],"replies":[{"embeddable":true,"href":"https:\/\/etrai.com\/pe\/wp-json\/wp\/v2\/comments?post=822"}],"wp:featuredmedia":[{"embeddable":true,"href":"https:\/\/etrai.com\/pe\/wp-json\/wp\/v2\/media\/821"}],"wp:attachment":[{"href":"https:\/\/etrai.com\/pe\/wp-json\/wp\/v2\/media?parent=822"}],"wp:term":[{"taxonomy":"product_brand","embeddable":true,"href":"https:\/\/etrai.com\/pe\/wp-json\/wp\/v2\/product_brand?post=822"},{"taxonomy":"product_cat","embeddable":true,"href":"https:\/\/etrai.com\/pe\/wp-json\/wp\/v2\/product_cat?post=822"},{"taxonomy":"product_tag","embeddable":true,"href":"https:\/\/etrai.com\/pe\/wp-json\/wp\/v2\/product_tag?post=822"}],"curies":[{"name":"wp","href":"https:\/\/api.w.org\/{rel}","templated":true}]}}