{"id":824,"date":"2025-12-29T15:20:04","date_gmt":"2025-12-29T20:20:04","guid":{"rendered":"https:\/\/etrai.com\/pe\/?post_type=product&#038;p=824"},"modified":"2026-04-10T13:36:51","modified_gmt":"2026-04-10T18:36:51","slug":"membrana-de-osmosis-inversa-marca-pure-modelo-bw-40x40","status":"publish","type":"product","link":"https:\/\/etrai.com\/pe\/producto\/membrana-de-osmosis-inversa-marca-pure-modelo-bw-40x40\/","title":{"rendered":"Membrana de \u00f3smosis inversa \/ Marca: PURE \/ Modelo: BW 40&#215;40"},"content":{"rendered":"","protected":false},"excerpt":{"rendered":"<ul>\n<li>Membrana de \u00f3smosis inversa<\/li>\n<li>Marca: PURE<\/li>\n<li>Alta eficiencia de rechazo de sales y contaminantes.<\/li>\n<li>Compatible con portamembranas est\u00e1ndar 40\u201d.<\/li>\n<\/ul>\n<p>La membrana de \u00f3smosis inversa\u00a0est\u00e1 dise\u00f1ada para el tratamiento de agua salobre, permitiendo la remoci\u00f3n eficiente de sales disueltas, metales pesados, s\u00f3lidos totales disueltos y otros contaminantes. Es ideal para plantas de tratamiento de agua, aplicaciones industriales y comerciales que requieren alta producci\u00f3n y confiabilidad operativa.<\/p>\n","protected":false},"featured_media":825,"comment_status":"open","ping_status":"closed","template":"","meta":{"_acf_changed":false,"_joinchat":[]},"product_brand":[],"product_cat":[29],"product_tag":[],"class_list":{"0":"post-824","1":"product","2":"type-product","3":"status-publish","4":"has-post-thumbnail","6":"product_cat-membrana-de-osmosi-inversa","8":"first","9":"instock","10":"shipping-taxable","11":"purchasable","12":"product-type-simple"},"acf":[],"_links":{"self":[{"href":"https:\/\/etrai.com\/pe\/wp-json\/wp\/v2\/product\/824","targetHints":{"allow":["GET"]}}],"collection":[{"href":"https:\/\/etrai.com\/pe\/wp-json\/wp\/v2\/product"}],"about":[{"href":"https:\/\/etrai.com\/pe\/wp-json\/wp\/v2\/types\/product"}],"replies":[{"embeddable":true,"href":"https:\/\/etrai.com\/pe\/wp-json\/wp\/v2\/comments?post=824"}],"wp:featuredmedia":[{"embeddable":true,"href":"https:\/\/etrai.com\/pe\/wp-json\/wp\/v2\/media\/825"}],"wp:attachment":[{"href":"https:\/\/etrai.com\/pe\/wp-json\/wp\/v2\/media?parent=824"}],"wp:term":[{"taxonomy":"product_brand","embeddable":true,"href":"https:\/\/etrai.com\/pe\/wp-json\/wp\/v2\/product_brand?post=824"},{"taxonomy":"product_cat","embeddable":true,"href":"https:\/\/etrai.com\/pe\/wp-json\/wp\/v2\/product_cat?post=824"},{"taxonomy":"product_tag","embeddable":true,"href":"https:\/\/etrai.com\/pe\/wp-json\/wp\/v2\/product_tag?post=824"}],"curies":[{"name":"wp","href":"https:\/\/api.w.org\/{rel}","templated":true}]}}