{"id":845,"date":"2025-12-30T07:53:31","date_gmt":"2025-12-30T12:53:31","guid":{"rendered":"https:\/\/etrai.com\/pe\/?post_type=product&#038;p=845"},"modified":"2026-03-05T12:21:41","modified_gmt":"2026-03-05T17:21:41","slug":"osmosis-inversa-residencial-100-gpd-5-etapas","status":"publish","type":"product","link":"https:\/\/etrai.com\/pe\/producto\/osmosis-inversa-residencial-100-gpd-5-etapas\/","title":{"rendered":"\u00d3smosis inversa Residencial \/ 100 GPD \/ 5 Etapas"},"content":{"rendered":"","protected":false},"excerpt":{"rendered":"<ul>\n<li>\u00d3smosis inversa<\/li>\n<li>Tipo: Residencial<\/li>\n<li>Modelo: RO \u2013 100GPD<\/li>\n<li>Conexi\u00f3n: 220 VAC; 60 Hz<\/li>\n<li>Producci\u00f3n de agua: 100 gpd<\/li>\n<\/ul>\n<p data-start=\"161\" data-end=\"477\">Este sistema de \u00f3smosis inversa residencial est\u00e1 dise\u00f1ado para proporcionar agua de alta pureza directamente en el hogar. Garantizando un suministro constante de agua tratada para consumo directo. Su dise\u00f1o compacto permite una f\u00e1cil instalaci\u00f3n bajo el fregadero o en espacios reducidos, brindando agua de excelente calidad, libre de sales disueltas, metales pesados, cloro y otros contaminantes que afectan la salud y el sabor del agua.<\/p>\n","protected":false},"featured_media":846,"comment_status":"open","ping_status":"closed","template":"","meta":{"_acf_changed":false,"_joinchat":[]},"product_brand":[],"product_cat":[45],"product_tag":[],"class_list":{"0":"post-845","1":"product","2":"type-product","3":"status-publish","4":"has-post-thumbnail","6":"product_cat-equipo-de-osmosis-inversa","8":"first","9":"instock","10":"shipping-taxable","11":"purchasable","12":"product-type-simple"},"acf":[],"_links":{"self":[{"href":"https:\/\/etrai.com\/pe\/wp-json\/wp\/v2\/product\/845","targetHints":{"allow":["GET"]}}],"collection":[{"href":"https:\/\/etrai.com\/pe\/wp-json\/wp\/v2\/product"}],"about":[{"href":"https:\/\/etrai.com\/pe\/wp-json\/wp\/v2\/types\/product"}],"replies":[{"embeddable":true,"href":"https:\/\/etrai.com\/pe\/wp-json\/wp\/v2\/comments?post=845"}],"wp:featuredmedia":[{"embeddable":true,"href":"https:\/\/etrai.com\/pe\/wp-json\/wp\/v2\/media\/846"}],"wp:attachment":[{"href":"https:\/\/etrai.com\/pe\/wp-json\/wp\/v2\/media?parent=845"}],"wp:term":[{"taxonomy":"product_brand","embeddable":true,"href":"https:\/\/etrai.com\/pe\/wp-json\/wp\/v2\/product_brand?post=845"},{"taxonomy":"product_cat","embeddable":true,"href":"https:\/\/etrai.com\/pe\/wp-json\/wp\/v2\/product_cat?post=845"},{"taxonomy":"product_tag","embeddable":true,"href":"https:\/\/etrai.com\/pe\/wp-json\/wp\/v2\/product_tag?post=845"}],"curies":[{"name":"wp","href":"https:\/\/api.w.org\/{rel}","templated":true}]}}