{"id":892,"date":"2026-04-10T13:46:41","date_gmt":"2026-04-10T18:46:41","guid":{"rendered":"https:\/\/etrai.com\/pe\/?post_type=product&#038;p=892"},"modified":"2026-04-10T13:47:17","modified_gmt":"2026-04-10T18:47:17","slug":"filtro-de-sedimentos-plisado-20x2-5-0-2-%c2%b5m","status":"publish","type":"product","link":"https:\/\/etrai.com\/pe\/producto\/filtro-de-sedimentos-plisado-20x2-5-0-2-%c2%b5m\/","title":{"rendered":"Filtro de Sedimentos &#8211; Plisado \/ 20&#8243;x2.5&#8243;, 0.2 \u00b5m"},"content":{"rendered":"","protected":false},"excerpt":{"rendered":"<p><span class=\"a_GcMg font-feature-liga-off font-feature-clig-off font-feature-calt-off text-decoration-none text-strikethrough-none\">Cartucho plisado de alta eficiencia dise\u00f1ado para la retenci\u00f3n absoluta de part\u00edculas y microorganismos hasta 0.2 micrones. Ofrece gran \u00e1rea efectiva de filtraci\u00f3n, baja ca\u00edda de presi\u00f3n y capacidad de limpieza prolongada. Ideal para procesos que requieren agua libre de bacterias y part\u00edculas finas.<\/span><\/p>\n","protected":false},"featured_media":891,"comment_status":"open","ping_status":"closed","template":"","meta":{"_acf_changed":false,"_joinchat":[]},"product_brand":[],"product_cat":[18],"product_tag":[],"class_list":{"0":"post-892","1":"product","2":"type-product","3":"status-publish","4":"has-post-thumbnail","6":"product_cat-filtros-para-tratamiento-de-agua","8":"first","9":"instock","10":"shipping-taxable","11":"purchasable","12":"product-type-simple"},"acf":[],"_links":{"self":[{"href":"https:\/\/etrai.com\/pe\/wp-json\/wp\/v2\/product\/892","targetHints":{"allow":["GET"]}}],"collection":[{"href":"https:\/\/etrai.com\/pe\/wp-json\/wp\/v2\/product"}],"about":[{"href":"https:\/\/etrai.com\/pe\/wp-json\/wp\/v2\/types\/product"}],"replies":[{"embeddable":true,"href":"https:\/\/etrai.com\/pe\/wp-json\/wp\/v2\/comments?post=892"}],"wp:featuredmedia":[{"embeddable":true,"href":"https:\/\/etrai.com\/pe\/wp-json\/wp\/v2\/media\/891"}],"wp:attachment":[{"href":"https:\/\/etrai.com\/pe\/wp-json\/wp\/v2\/media?parent=892"}],"wp:term":[{"taxonomy":"product_brand","embeddable":true,"href":"https:\/\/etrai.com\/pe\/wp-json\/wp\/v2\/product_brand?post=892"},{"taxonomy":"product_cat","embeddable":true,"href":"https:\/\/etrai.com\/pe\/wp-json\/wp\/v2\/product_cat?post=892"},{"taxonomy":"product_tag","embeddable":true,"href":"https:\/\/etrai.com\/pe\/wp-json\/wp\/v2\/product_tag?post=892"}],"curies":[{"name":"wp","href":"https:\/\/api.w.org\/{rel}","templated":true}]}}