{"id":893,"date":"2026-04-10T13:51:00","date_gmt":"2026-04-10T18:51:00","guid":{"rendered":"https:\/\/etrai.com\/pe\/?post_type=product&#038;p=893"},"modified":"2026-04-10T13:51:00","modified_gmt":"2026-04-10T18:51:00","slug":"portafiltro-transparente-10x2-5","status":"publish","type":"product","link":"https:\/\/etrai.com\/pe\/producto\/portafiltro-transparente-10x2-5\/","title":{"rendered":"Portafiltro Transparente \/ 10&#8243;x2.5&#8243;"},"content":{"rendered":"","protected":false},"excerpt":{"rendered":"<p>Conexion In\/Out: 1\/2&#8243; FNPT con rosca de laton<\/p>\n<p><span class=\"a_GcMg font-feature-liga-off font-feature-clig-off font-feature-calt-off text-decoration-none text-strikethrough-none\">Dise\u00f1ado con un cuerpo de material transparente que permite observar f\u00e1cilmente el estado del cartucho y la acumulaci\u00f3n de sedimentos sin necesidad de desmontar. Facilita la detecci\u00f3n del momento adecuado para el reemplazo del filtro, asegurando un mantenimiento oportuno y una alta calidad del agua.<\/span><\/p>\n<p>&nbsp;<\/p>\n","protected":false},"featured_media":894,"comment_status":"open","ping_status":"closed","template":"","meta":{"_acf_changed":false,"_joinchat":[]},"product_brand":[],"product_cat":[23],"product_tag":[],"class_list":{"0":"post-893","1":"product","2":"type-product","3":"status-publish","4":"has-post-thumbnail","6":"product_cat-portafiltro","8":"first","9":"instock","10":"shipping-taxable","11":"purchasable","12":"product-type-simple"},"acf":[],"_links":{"self":[{"href":"https:\/\/etrai.com\/pe\/wp-json\/wp\/v2\/product\/893","targetHints":{"allow":["GET"]}}],"collection":[{"href":"https:\/\/etrai.com\/pe\/wp-json\/wp\/v2\/product"}],"about":[{"href":"https:\/\/etrai.com\/pe\/wp-json\/wp\/v2\/types\/product"}],"replies":[{"embeddable":true,"href":"https:\/\/etrai.com\/pe\/wp-json\/wp\/v2\/comments?post=893"}],"wp:featuredmedia":[{"embeddable":true,"href":"https:\/\/etrai.com\/pe\/wp-json\/wp\/v2\/media\/894"}],"wp:attachment":[{"href":"https:\/\/etrai.com\/pe\/wp-json\/wp\/v2\/media?parent=893"}],"wp:term":[{"taxonomy":"product_brand","embeddable":true,"href":"https:\/\/etrai.com\/pe\/wp-json\/wp\/v2\/product_brand?post=893"},{"taxonomy":"product_cat","embeddable":true,"href":"https:\/\/etrai.com\/pe\/wp-json\/wp\/v2\/product_cat?post=893"},{"taxonomy":"product_tag","embeddable":true,"href":"https:\/\/etrai.com\/pe\/wp-json\/wp\/v2\/product_tag?post=893"}],"curies":[{"name":"wp","href":"https:\/\/api.w.org\/{rel}","templated":true}]}}