{"id":951,"date":"2026-04-14T08:45:28","date_gmt":"2026-04-14T13:45:28","guid":{"rendered":"https:\/\/etrai.com\/pe\/?post_type=product&#038;p=951"},"modified":"2026-04-14T09:01:40","modified_gmt":"2026-04-14T14:01:40","slug":"tobera-filtrante","status":"publish","type":"product","link":"https:\/\/etrai.com\/pe\/producto\/tobera-filtrante\/","title":{"rendered":"Tobera Filtrante con Conexi\u00f3n 3\/4&#8243;"},"content":{"rendered":"","protected":false},"excerpt":{"rendered":"<p>Tobera fabricada en polipropileno (PP), dise\u00f1ada para sistemas de filtraci\u00f3n y distribuci\u00f3n de agua. Incorpora conexi\u00f3n de 3\/4&#8243; y rosca de ajuste para una instalaci\u00f3n segura y eficiente.<\/p>\n","protected":false},"featured_media":952,"comment_status":"open","ping_status":"closed","template":"","meta":{"_acf_changed":false,"_joinchat":[]},"product_brand":[],"product_cat":[32],"product_tag":[],"class_list":{"0":"post-951","1":"product","2":"type-product","3":"status-publish","4":"has-post-thumbnail","6":"product_cat-98-toberas","8":"first","9":"instock","10":"shipping-taxable","11":"purchasable","12":"product-type-simple"},"acf":[],"_links":{"self":[{"href":"https:\/\/etrai.com\/pe\/wp-json\/wp\/v2\/product\/951","targetHints":{"allow":["GET"]}}],"collection":[{"href":"https:\/\/etrai.com\/pe\/wp-json\/wp\/v2\/product"}],"about":[{"href":"https:\/\/etrai.com\/pe\/wp-json\/wp\/v2\/types\/product"}],"replies":[{"embeddable":true,"href":"https:\/\/etrai.com\/pe\/wp-json\/wp\/v2\/comments?post=951"}],"wp:featuredmedia":[{"embeddable":true,"href":"https:\/\/etrai.com\/pe\/wp-json\/wp\/v2\/media\/952"}],"wp:attachment":[{"href":"https:\/\/etrai.com\/pe\/wp-json\/wp\/v2\/media?parent=951"}],"wp:term":[{"taxonomy":"product_brand","embeddable":true,"href":"https:\/\/etrai.com\/pe\/wp-json\/wp\/v2\/product_brand?post=951"},{"taxonomy":"product_cat","embeddable":true,"href":"https:\/\/etrai.com\/pe\/wp-json\/wp\/v2\/product_cat?post=951"},{"taxonomy":"product_tag","embeddable":true,"href":"https:\/\/etrai.com\/pe\/wp-json\/wp\/v2\/product_tag?post=951"}],"curies":[{"name":"wp","href":"https:\/\/api.w.org\/{rel}","templated":true}]}}