{"id":967,"date":"2026-04-17T13:08:33","date_gmt":"2026-04-17T18:08:33","guid":{"rendered":"https:\/\/etrai.com\/pe\/?post_type=product&#038;p=967"},"modified":"2026-04-17T13:08:33","modified_gmt":"2026-04-17T18:08:33","slug":"valvula-solenoide-de-descarga-automatica-24v-dc-para-osmosis-inversa","status":"publish","type":"product","link":"https:\/\/etrai.com\/pe\/producto\/valvula-solenoide-de-descarga-automatica-24v-dc-para-osmosis-inversa\/","title":{"rendered":"V\u00e1lvula Solenoide de Descarga Autom\u00e1tica 24V DC para \u00d3smosis Inversa"},"content":{"rendered":"","protected":false},"excerpt":{"rendered":"<ul>\n<li>Conexi\u00f3n In\/Out: Conector Rapido 1\/4&#8243;x1\/4&#8243;<\/li>\n<li>Presi\u00f3n: 0.02 &#8211; 0.8 MPa<\/li>\n<li>Alimentaci\u00f3n: 24 V DC<\/li>\n<\/ul>\n","protected":false},"featured_media":968,"comment_status":"open","ping_status":"closed","template":"","meta":{"_acf_changed":false,"_joinchat":[]},"product_brand":[],"product_cat":[88],"product_tag":[],"class_list":{"0":"post-967","1":"product","2":"type-product","3":"status-publish","4":"has-post-thumbnail","6":"product_cat-repuestos-y-accesorios-ro-domiciliarios","8":"first","9":"instock","10":"shipping-taxable","11":"purchasable","12":"product-type-simple"},"acf":[],"_links":{"self":[{"href":"https:\/\/etrai.com\/pe\/wp-json\/wp\/v2\/product\/967","targetHints":{"allow":["GET"]}}],"collection":[{"href":"https:\/\/etrai.com\/pe\/wp-json\/wp\/v2\/product"}],"about":[{"href":"https:\/\/etrai.com\/pe\/wp-json\/wp\/v2\/types\/product"}],"replies":[{"embeddable":true,"href":"https:\/\/etrai.com\/pe\/wp-json\/wp\/v2\/comments?post=967"}],"wp:featuredmedia":[{"embeddable":true,"href":"https:\/\/etrai.com\/pe\/wp-json\/wp\/v2\/media\/968"}],"wp:attachment":[{"href":"https:\/\/etrai.com\/pe\/wp-json\/wp\/v2\/media?parent=967"}],"wp:term":[{"taxonomy":"product_brand","embeddable":true,"href":"https:\/\/etrai.com\/pe\/wp-json\/wp\/v2\/product_brand?post=967"},{"taxonomy":"product_cat","embeddable":true,"href":"https:\/\/etrai.com\/pe\/wp-json\/wp\/v2\/product_cat?post=967"},{"taxonomy":"product_tag","embeddable":true,"href":"https:\/\/etrai.com\/pe\/wp-json\/wp\/v2\/product_tag?post=967"}],"curies":[{"name":"wp","href":"https:\/\/api.w.org\/{rel}","templated":true}]}}